{"id":10388,"date":"2019-09-24T07:31:51","date_gmt":"2019-09-24T07:31:51","guid":{"rendered":"http:\/\/quanticalabs.com\/wp_themes4\/autoride\/?page_id=10388"},"modified":"2025-06-18T17:28:54","modified_gmt":"2025-06-18T14:28:54","slug":"home","status":"publish","type":"page","link":"https:\/\/vanfortours.com\/es\/","title":{"rendered":"Hogar"},"content":{"rendered":"<div class=\"wpb-content-wrapper\"><div class=\"vc_row wpb_row vc_row-fluid theme-margin-bottom-10 wpb_animate_when_almost_visible wpb_fadeInDown fadeInDown\"><div class=\"wpb_column vc_column_container vc_col-sm-4\"><div class=\"vc_column-inner\"><div class=\"wpb_wrapper\"><h2 style=\"text-align: left\" class=\"vc_custom_heading vc_do_custom_heading theme-header-style-1\" >De Transporte Corporativo<br \/>\nHasta viajes en grupo.<\/h2><\/div><\/div><\/div><div class=\"wpb_column vc_column_container vc_col-sm-4\"><div class=\"vc_column-inner\"><div class=\"wpb_wrapper\"><h3 style=\"text-align: left\" class=\"vc_custom_heading vc_do_custom_heading\" >Mu\u00e9vete inteligentemente hacia y desde el aeropuerto.<\/h3>\n\t<div class=\"wpb_text_column wpb_content_element\" >\n\t\t<div class=\"wpb_wrapper\">\n\t\t\t<p class=\"\" data-start=\"426\" data-end=\"667\">Ya sea para transportar ejecutivos, turistas o grupos peque\u00f1os, la Mercedes Vito ofrece la combinaci\u00f3n ideal de comodidad, espacio y estilo. Con consistencia, cortes\u00eda y compromiso con la calidad, cada viaje se convierte en una experiencia especial.<\/p>\n<p>&nbsp;<\/p>\n\n\t\t<\/div>\n\t<\/div>\n<\/div><\/div><\/div><div class=\"wpb_column vc_column_container vc_col-sm-4\"><div class=\"vc_column-inner\"><div class=\"wpb_wrapper\"><h3 style=\"text-align: left\" class=\"vc_custom_heading vc_do_custom_heading\" >Experimente la comodidad y la elegancia<\/h3>\n\t<div class=\"wpb_text_column wpb_content_element\" >\n\t\t<div class=\"wpb_wrapper\">\n\t\t\t<p class=\"\" data-start=\"221\" data-end=\"375\">Con una combinaci\u00f3n de profesionalismo, veh\u00edculos modernos y atenci\u00f3n al detalle, ofrecemos una experiencia de transporte de primer nivel adaptada a sus necesidades.<\/p>\n\n\t\t<\/div>\n\t<\/div>\n<\/div><\/div><\/div><\/div><div data-vc-full-width=\"true\" data-vc-full-width-init=\"false\" class=\"vc_row wpb_row vc_row-fluid theme-margin-bottom-30 wpb_animate_when_almost_visible wpb_fadeIn fadeIn\"><div class=\"wpb_column vc_column_container vc_col-sm-12\"><div class=\"vc_column-inner\"><div class=\"wpb_wrapper\">\n\t<div  class=\"wpb_single_image wpb_content_element vc_align_left wpb_content_element  theme-image-style-3\">\n\t\t\n\t\t<figure class=\"wpb_wrapper vc_figure\">\n\t\t\t<div class=\"vc_single_image-wrapper   vc_box_border_grey\"><img loading=\"lazy\" decoding=\"async\" width=\"1024\" height=\"1024\" src=\"https:\/\/vanfortours.com\/wp-content\/uploads\/2025\/05\/\u03b5\u03b9\u03ba\u03cc\u03bd\u03b1_Viber_2025-05-08_19-58-37-388-1.jpg\" class=\"vc_single_image-img attachment-full\" alt=\"\" title=\"Flota de furgonetas para tours y traslados al aeropuerto\" srcset=\"https:\/\/vanfortours.com\/wp-content\/uploads\/2025\/05\/\u03b5\u03b9\u03ba\u03cc\u03bd\u03b1_Viber_2025-05-08_19-58-37-388-1.jpg 1024w, https:\/\/vanfortours.com\/wp-content\/uploads\/2025\/05\/\u03b5\u03b9\u03ba\u03cc\u03bd\u03b1_Viber_2025-05-08_19-58-37-388-1-300x300.jpg 300w, https:\/\/vanfortours.com\/wp-content\/uploads\/2025\/05\/\u03b5\u03b9\u03ba\u03cc\u03bd\u03b1_Viber_2025-05-08_19-58-37-388-1-100x100.jpg 100w, https:\/\/vanfortours.com\/wp-content\/uploads\/2025\/05\/\u03b5\u03b9\u03ba\u03cc\u03bd\u03b1_Viber_2025-05-08_19-58-37-388-1-600x600.jpg 600w, https:\/\/vanfortours.com\/wp-content\/uploads\/2025\/05\/\u03b5\u03b9\u03ba\u03cc\u03bd\u03b1_Viber_2025-05-08_19-58-37-388-1-150x150.jpg 150w, https:\/\/vanfortours.com\/wp-content\/uploads\/2025\/05\/\u03b5\u03b9\u03ba\u03cc\u03bd\u03b1_Viber_2025-05-08_19-58-37-388-1-768x768.jpg 768w, https:\/\/vanfortours.com\/wp-content\/uploads\/2025\/05\/\u03b5\u03b9\u03ba\u03cc\u03bd\u03b1_Viber_2025-05-08_19-58-37-388-1-12x12.jpg 12w, https:\/\/vanfortours.com\/wp-content\/uploads\/2025\/05\/\u03b5\u03b9\u03ba\u03cc\u03bd\u03b1_Viber_2025-05-08_19-58-37-388-1-306x306.jpg 306w, https:\/\/vanfortours.com\/wp-content\/uploads\/2025\/05\/\u03b5\u03b9\u03ba\u03cc\u03bd\u03b1_Viber_2025-05-08_19-58-37-388-1-533x533.jpg 533w\" sizes=\"auto, (max-width: 1024px) 100vw, 1024px\" \/><\/div>\n\t\t<\/figure>\n\t<\/div>\n\n\t<div  class=\"wpb_single_image wpb_content_element vc_align_left wpb_content_element  theme-image-style-3\">\n\t\t\n\t\t<figure class=\"wpb_wrapper vc_figure\">\n\t\t\t<div class=\"vc_single_image-wrapper   vc_box_border_grey\"><img loading=\"lazy\" decoding=\"async\" width=\"1024\" height=\"1024\" src=\"https:\/\/vanfortours.com\/wp-content\/uploads\/2025\/05\/\u03b5\u03b9\u03ba\u03cc\u03bd\u03b1_Viber_2025-05-08_19-58-42-469.jpg\" class=\"vc_single_image-img attachment-full\" alt=\"Furgoneta para excursiones por la zona de Akropolis, Grecia\" title=\"Furgoneta para excursiones por la zona de Akropolis, Grecia\" srcset=\"https:\/\/vanfortours.com\/wp-content\/uploads\/2025\/05\/\u03b5\u03b9\u03ba\u03cc\u03bd\u03b1_Viber_2025-05-08_19-58-42-469.jpg 1024w, https:\/\/vanfortours.com\/wp-content\/uploads\/2025\/05\/\u03b5\u03b9\u03ba\u03cc\u03bd\u03b1_Viber_2025-05-08_19-58-42-469-300x300.jpg 300w, https:\/\/vanfortours.com\/wp-content\/uploads\/2025\/05\/\u03b5\u03b9\u03ba\u03cc\u03bd\u03b1_Viber_2025-05-08_19-58-42-469-100x100.jpg 100w, https:\/\/vanfortours.com\/wp-content\/uploads\/2025\/05\/\u03b5\u03b9\u03ba\u03cc\u03bd\u03b1_Viber_2025-05-08_19-58-42-469-600x600.jpg 600w, https:\/\/vanfortours.com\/wp-content\/uploads\/2025\/05\/\u03b5\u03b9\u03ba\u03cc\u03bd\u03b1_Viber_2025-05-08_19-58-42-469-150x150.jpg 150w, https:\/\/vanfortours.com\/wp-content\/uploads\/2025\/05\/\u03b5\u03b9\u03ba\u03cc\u03bd\u03b1_Viber_2025-05-08_19-58-42-469-768x768.jpg 768w, https:\/\/vanfortours.com\/wp-content\/uploads\/2025\/05\/\u03b5\u03b9\u03ba\u03cc\u03bd\u03b1_Viber_2025-05-08_19-58-42-469-12x12.jpg 12w, https:\/\/vanfortours.com\/wp-content\/uploads\/2025\/05\/\u03b5\u03b9\u03ba\u03cc\u03bd\u03b1_Viber_2025-05-08_19-58-42-469-306x306.jpg 306w, https:\/\/vanfortours.com\/wp-content\/uploads\/2025\/05\/\u03b5\u03b9\u03ba\u03cc\u03bd\u03b1_Viber_2025-05-08_19-58-42-469-533x533.jpg 533w\" sizes=\"auto, (max-width: 1024px) 100vw, 1024px\" \/><\/div>\n\t\t<\/figure>\n\t<\/div>\n<\/div><\/div><\/div><\/div><div class=\"vc_row-full-width vc_clearfix\"><\/div><div class=\"vc_row wpb_row vc_row-fluid theme-margin-bottom-40\"><div class=\"wpb_column vc_column_container vc_col-sm-12 vc_hidden-lg vc_hidden-md vc_hidden-sm vc_hidden-xs\"><div class=\"vc_column-inner\"><div class=\"wpb_wrapper\">\n            <div class=\"theme-component-blockquote theme-component-blockquote-style-1\">\n                <span class=\"theme-icon-meta-quote\"><\/span>\n                <blockquote>Te invito a probar nuestro servicio y te garantizo personalmente<br \/>\nTendr\u00e1s una experiencia completamente satisfactoria.<\/blockquote>\n                <div>Anna Criado - Presidenta y CEO<\/div>\n            <\/div>\n        <\/div><\/div><\/div><\/div><div data-vc-full-width=\"true\" data-vc-full-width-init=\"false\" class=\"vc_row wpb_row vc_row-fluid theme-background-color-7\"><div class=\"theme-column-style-2 theme-margin-bottom-0 wpb_column vc_column_container vc_col-sm-12 vc_hidden-lg vc_hidden-md vc_hidden-sm vc_hidden-xs\"><div class=\"vc_column-inner\"><div class=\"wpb_wrapper\">\r\n            <div class=\"theme-component-header-subheader aligncenter\">\r\n                <div class=\"theme-component-header-subheader-subheader\">LO QUE OFRECEMOS<\/div>\r\n                <h2 class=\"theme-component-header-subheader-header\">Vea lo que podemos hacer por usted<\/h2>\r\n            <\/div>\r\n        <div class=\"vc_row wpb_row vc_row-fluid\"><div class=\"theme-margin-bottom-10 wpb_column vc_column_container vc_col-sm-12\"><div class=\"vc_column-inner\"><div class=\"wpb_wrapper\">\n            <div data-column_count=\"2\" class=\"theme-component-gallery theme-component-gallery-type-1 theme-component-gallery-effect-type-2\">\n                <ul>\n                    \r\n            <li class=\"theme-component-gallery-item-width-50\">\r\n                <a data-fancybox-group=\"autoride-gallery-1\" href=\"http:\/\/quanticalabs.com\/wp_themes4\/autoride\/airport-transfer\/\">\r\n                    <img decoding=\"async\" src=\"https:\/\/vanfortours.com\/wp-content\/uploads\/2019\/10\/image_01-4.jpg\" alt=\"Imagen\"\/>\r\n                    <span><span><\/span><span>TRASLADO AL AEROPUERTO<\/span><\/span>\r\n                    <i><\/i>\r\n                <\/a>\r\n            <\/li>\r\n        \r\n            <li class=\"theme-component-gallery-item-width-50\">\r\n                <a data-fancybox-group=\"autoride-gallery-1\" href=\"http:\/\/quanticalabs.com\/wp_themes4\/autoride\/worldwide-transportation\/\">\r\n                    <img decoding=\"async\" src=\"https:\/\/vanfortours.com\/wp-content\/uploads\/2019\/10\/image_02-4.jpg\" alt=\"Imagen\"\/>\r\n                    <span><span><\/span><span>TRANSPORTE MUNDIAL<\/span><\/span>\r\n                    <i><\/i>\r\n                <\/a>\r\n            <\/li>\r\n        \r\n            <li class=\"theme-component-gallery-item-width-50\">\r\n                <a data-fancybox-group=\"autoride-gallery-1\" href=\"http:\/\/quanticalabs.com\/wp_themes4\/autoride\/corporate-travel\/\">\r\n                    <img decoding=\"async\" src=\"https:\/\/vanfortours.com\/wp-content\/uploads\/2019\/10\/image_03-4.jpg\" alt=\"Imagen\"\/>\r\n                    <span><span><\/span><span>VIAJES CORPORATIVOS<\/span><\/span>\r\n                    <i><\/i>\r\n                <\/a>\r\n            <\/li>\r\n        \r\n            <li class=\"theme-component-gallery-item-width-25\">\r\n                <a data-fancybox-group=\"autoride-gallery-1\" href=\"http:\/\/quanticalabs.com\/wp_themes4\/autoride\/charter-service\/\">\r\n                    <img decoding=\"async\" src=\"https:\/\/vanfortours.com\/wp-content\/uploads\/2019\/10\/image_04-4.jpg\" alt=\"Imagen\"\/>\r\n                    <span><span><\/span><span>SERVICIO DE CHARTER<\/span><\/span>\r\n                    <i><\/i>\r\n                <\/a>\r\n            <\/li>\r\n        \r\n            <li class=\"theme-component-gallery-item-width-25\">\r\n                <a data-fancybox-group=\"autoride-gallery-1\" href=\"http:\/\/quanticalabs.com\/wp_themes4\/autoride\/special-event-limousine\/\">\r\n                    <img decoding=\"async\" src=\"https:\/\/vanfortours.com\/wp-content\/uploads\/2019\/10\/image_05-2.jpg\" alt=\"Imagen\"\/>\r\n                    <span><span><\/span><span>LIMUSINA PARA EVENTOS ESPECIALES<\/span><\/span>\r\n                    <i><\/i>\r\n                <\/a>\r\n            <\/li>\r\n        \n                <\/ul>\n            <\/div>\n        <\/div><\/div><\/div><\/div>\r\n            <div class=\"theme-component-button theme-component-button-style-1 aligncenter\">\r\n                <a href=\"http:\/\/quanticalabs.com\/wp_themes4\/autoride\/our-services-i\/\" target=\"_self\">\r\n                    M\u00e1s servicios\r\n                <\/a>\r\n            <\/div>\r\n        <\/div><\/div><\/div><\/div><div class=\"vc_row-full-width vc_clearfix\"><\/div>\n<\/div>","protected":false},"excerpt":{"rendered":"Desde transporte corporativo hasta viajes en grupo. Viaje con inteligencia desde y hacia el aeropuerto. Ya sea para transportar ejecutivos, turistas o grupos peque\u00f1os, la Mercedes Vito ofrece la combinaci\u00f3n ideal de comodidad, espacio y estilo. Con consistencia, cortes\u00eda y compromiso con la calidad, cada viaje se transforma en una experiencia especial. Experimente comodidad y elegancia. Con una combinaci\u00f3n [...]","protected":false},"author":1,"featured_media":0,"parent":0,"menu_order":0,"comment_status":"closed","ping_status":"closed","template":"","meta":{"footnotes":""},"class_list":["post-10388","page","type-page","status-publish","hentry"],"_links":{"self":[{"href":"https:\/\/vanfortours.com\/es\/wp-json\/wp\/v2\/pages\/10388","targetHints":{"allow":["GET"]}}],"collection":[{"href":"https:\/\/vanfortours.com\/es\/wp-json\/wp\/v2\/pages"}],"about":[{"href":"https:\/\/vanfortours.com\/es\/wp-json\/wp\/v2\/types\/page"}],"author":[{"embeddable":true,"href":"https:\/\/vanfortours.com\/es\/wp-json\/wp\/v2\/users\/1"}],"replies":[{"embeddable":true,"href":"https:\/\/vanfortours.com\/es\/wp-json\/wp\/v2\/comments?post=10388"}],"version-history":[{"count":16,"href":"https:\/\/vanfortours.com\/es\/wp-json\/wp\/v2\/pages\/10388\/revisions"}],"predecessor-version":[{"id":23945,"href":"https:\/\/vanfortours.com\/es\/wp-json\/wp\/v2\/pages\/10388\/revisions\/23945"}],"wp:attachment":[{"href":"https:\/\/vanfortours.com\/es\/wp-json\/wp\/v2\/media?parent=10388"}],"curies":[{"name":"wp","href":"https:\/\/api.w.org\/{rel}","templated":true}]}}