{"id":21,"date":"2019-04-05T09:24:48","date_gmt":"2019-04-05T09:24:48","guid":{"rendered":"http:\/\/quanticalabs.com\/wp_themes4\/autoride\/?page_id=21"},"modified":"2025-06-19T10:31:39","modified_gmt":"2025-06-19T07:31:39","slug":"nuestros-servicios","status":"publish","type":"page","link":"https:\/\/vanfortours.com\/es\/nuestros-servicios\/","title":{"rendered":"Nuestros servicios"},"content":{"rendered":"<div class=\"wpb-content-wrapper\"><div class=\"vc_row wpb_row vc_row-fluid theme-padding-top-0 theme-padding-bottom-60\"><div class=\"wpb_column vc_column_container vc_col-sm-6\"><div class=\"vc_column-inner\"><div class=\"wpb_wrapper\"><h3 style=\"text-align: left\" class=\"vc_custom_heading vc_do_custom_heading wpb_animate_when_almost_visible wpb_fadeIn fadeIn\" >Servicios de transporte en furgoneta para excursiones<\/h3>\n\t<div class=\"wpb_text_column wpb_content_element wpb_animate_when_almost_visible wpb_slideInLeft slideInLeft\" >\n\t\t<div class=\"wpb_wrapper\">\n\t\t\t<p>Empresa familiar desde su fundaci\u00f3n en 1995, que ha crecido de un solo veh\u00edculo a una flota de m\u00e1s de tres veh\u00edculos en la actualidad. Este crecimiento constante durante las \u00faltimas dos d\u00e9cadas y media se debe en gran medida a las innovadoras estrategias comerciales de su presidente y director ejecutivo. <strong>Nectario Kaukas.<\/strong><\/p>\n\n\t\t<\/div>\n\t<\/div>\n<\/div><\/div><\/div><div class=\"wpb_animate_when_almost_visible wpb_fadeInRight fadeInRight wpb_column vc_column_container vc_col-sm-6\"><div class=\"vc_column-inner\"><div class=\"wpb_wrapper\">\n            <div class=\"theme-component-blockquote theme-component-blockquote-style-2\">\n                <span class=\"theme-icon-meta-quote\"><\/span>\n                <blockquote>Fund\u00e9 esta empresa en 1995 con la visi\u00f3n de ofrecer servicios de transporte de lujo de alta calidad. Le invito a probar nuestros servicios y le garantizo personalmente que quedar\u00e1 completamente satisfecho.<\/p>\n<p><\/blockquote>\n                <div>Nektarios Kaukas - Presidente y director ejecutivo<\/div>\n            <\/div>\n        <\/div><\/div><\/div><\/div><div data-vc-full-width=\"true\" data-vc-full-width-init=\"false\" data-vc-parallax-image=\"https:\/\/www.youtube.com\/watch?v=lMJXxhRFO1k\" data-vc-video-bg=\"https:\/\/www.youtube.com\/watch?v=lMJXxhRFO1k\" class=\"vc_row wpb_row vc_row-fluid theme-section-background-image-fixed vc_custom_1750154392245 vc_row-has-fill vc_video-bg-container\"><div class=\"theme-column-style-2 theme-padding-bottom-60 wpb_column vc_column_container vc_col-sm-12\"><div class=\"vc_column-inner\"><div class=\"wpb_wrapper\">\r\n            <p class=\"theme-component-paragraph-large theme-component-paragraph-large-style-2 aligncenter theme-section-white theme-padding-bottom-80\">\r\n                La colecci\u00f3n de veh\u00edculos ideal: sea cual sea la ocasi\u00f3n, elija nuestro servicio con confianza.\r\n            <\/p>\r\n        \r\n            <div class=\"theme-component-feature-carousel\">\r\n                <ul class=\"theme-reset-list\">\r\n                    \r\n            <li>\r\n                <div>\r\n                    <span><span class=\"theme-icon-feature-airplane\"><\/span><\/span>\r\n                    <h5>Traslados al aeropuerto<\/h5>\r\n                <\/div>\r\n            <\/li>\r\n        \r\n            <li>\r\n                <div>\r\n                    <span><span class=\"theme-icon-feature-colosseum\"><\/span><\/span>\r\n                    <h5>Tours experienciales<\/h5>\r\n                <\/div>\r\n            <\/li>\r\n        \r\n            <li>\r\n                <div>\r\n                    <span><span class=\"theme-icon-feature-house\"><\/span><\/span>\r\n                    <h5>Transportes de AirBNB<\/h5>\r\n                <\/div>\r\n            <\/li>\r\n        \r\n                <\/ul>\r\n            <\/div>\r\n        <\/div><\/div><\/div><\/div><div class=\"vc_row-full-width vc_clearfix\"><\/div>\n<\/div>","protected":false},"excerpt":{"rendered":"Servicios de Transporte Van For Tours. Empresa familiar fundada en 1995, que ha crecido de un solo veh\u00edculo a una flota de m\u00e1s de tres veh\u00edculos en la actualidad. Este crecimiento constante durante las \u00faltimas dos d\u00e9cadas y media se debe en gran medida a las innovadoras estrategias comerciales de su presidente y director ejecutivo, Nektarios Kaukas. Fund\u00e9 esta [...]","protected":false},"author":1,"featured_media":23850,"parent":0,"menu_order":0,"comment_status":"closed","ping_status":"closed","template":"","meta":{"footnotes":""},"class_list":["post-21","page","type-page","status-publish","has-post-thumbnail","hentry"],"_links":{"self":[{"href":"https:\/\/vanfortours.com\/es\/wp-json\/wp\/v2\/pages\/21","targetHints":{"allow":["GET"]}}],"collection":[{"href":"https:\/\/vanfortours.com\/es\/wp-json\/wp\/v2\/pages"}],"about":[{"href":"https:\/\/vanfortours.com\/es\/wp-json\/wp\/v2\/types\/page"}],"author":[{"embeddable":true,"href":"https:\/\/vanfortours.com\/es\/wp-json\/wp\/v2\/users\/1"}],"replies":[{"embeddable":true,"href":"https:\/\/vanfortours.com\/es\/wp-json\/wp\/v2\/comments?post=21"}],"version-history":[{"count":15,"href":"https:\/\/vanfortours.com\/es\/wp-json\/wp\/v2\/pages\/21\/revisions"}],"predecessor-version":[{"id":23947,"href":"https:\/\/vanfortours.com\/es\/wp-json\/wp\/v2\/pages\/21\/revisions\/23947"}],"wp:featuredmedia":[{"embeddable":true,"href":"https:\/\/vanfortours.com\/es\/wp-json\/wp\/v2\/media\/23850"}],"wp:attachment":[{"href":"https:\/\/vanfortours.com\/es\/wp-json\/wp\/v2\/media?parent=21"}],"curies":[{"name":"wp","href":"https:\/\/api.w.org\/{rel}","templated":true}]}}