{"id":15,"date":"2019-04-05T09:23:56","date_gmt":"2019-04-05T09:23:56","guid":{"rendered":"http:\/\/quanticalabs.com\/wp_themes4\/autoride\/?page_id=15"},"modified":"2025-06-04T12:39:40","modified_gmt":"2025-06-04T09:39:40","slug":"chi-siamo-2","status":"publish","type":"page","link":"https:\/\/vanfortours.com\/it\/chi-siamo-2\/","title":{"rendered":"Chi siamo"},"content":{"rendered":"<div class=\"wpb-content-wrapper\"><div class=\"vc_row wpb_row vc_row-fluid\"><div class=\"wpb_column vc_column_container vc_col-sm-6\"><div class=\"vc_column-inner\"><div class=\"wpb_wrapper\"><h3 style=\"text-align: left\" class=\"vc_custom_heading vc_do_custom_heading\" >Offriamo servizi di trasporto di alta qualit\u00e0 con affidabilit\u00e0, coerenza e professionalit\u00e0. La nostra competenza include:<\/h3>\n\t<div class=\"wpb_text_column wpb_content_element\" >\n\t\t<div class=\"wpb_wrapper\">\n\t\t\t<p class=\"theme-component-header-subheader-header\">Trasporti di alta gamma: comfort, stile e sicurezza in ogni viaggio<\/p>\n\n\t\t<\/div>\n\t<\/div>\n<div class=\"theme-component-list theme-component-list-style-2 theme-margin-top-40\">\n<ul>\n<li data-start=\"401\" data-end=\"445\">\nTrasferimenti aeroportuali\n<\/li>\n<li data-start=\"446\" data-end=\"507\">\nTrasporto passeggeri per privati e professionisti\n<\/li>\n<li data-start=\"508\" data-end=\"557\">\nNoleggio di furgoni e minibus di lusso\n<\/li>\n<\/ul>\n<\/div><\/div><\/div><\/div><div class=\"wpb_column vc_column_container vc_col-sm-6\"><div class=\"vc_column-inner\"><div class=\"wpb_wrapper\">\n\t<div  class=\"wpb_single_image wpb_content_element vc_align_left wpb_content_element  theme-image-style-1\">\n\t\t\n\t\t<figure class=\"wpb_wrapper vc_figure\">\n\t\t\t<div class=\"vc_single_image-wrapper   vc_box_border_grey\"><img loading=\"lazy\" decoding=\"async\" width=\"1536\" height=\"1024\" src=\"https:\/\/vanfortours.com\/wp-content\/uploads\/2025\/05\/\u03b5\u03b9\u03ba\u03cc\u03bd\u03b1_Viber_2025-05-08_19-58-33-881.jpg\" class=\"vc_single_image-img attachment-full\" alt=\"\" title=\"Flotta di furgoni per tour per trasferimenti aeroportuali\" srcset=\"https:\/\/vanfortours.com\/wp-content\/uploads\/2025\/05\/\u03b5\u03b9\u03ba\u03cc\u03bd\u03b1_Viber_2025-05-08_19-58-33-881.jpg 1536w, https:\/\/vanfortours.com\/wp-content\/uploads\/2025\/05\/\u03b5\u03b9\u03ba\u03cc\u03bd\u03b1_Viber_2025-05-08_19-58-33-881-600x400.jpg 600w, https:\/\/vanfortours.com\/wp-content\/uploads\/2025\/05\/\u03b5\u03b9\u03ba\u03cc\u03bd\u03b1_Viber_2025-05-08_19-58-33-881-300x200.jpg 300w, https:\/\/vanfortours.com\/wp-content\/uploads\/2025\/05\/\u03b5\u03b9\u03ba\u03cc\u03bd\u03b1_Viber_2025-05-08_19-58-33-881-1024x683.jpg 1024w, https:\/\/vanfortours.com\/wp-content\/uploads\/2025\/05\/\u03b5\u03b9\u03ba\u03cc\u03bd\u03b1_Viber_2025-05-08_19-58-33-881-768x512.jpg 768w, https:\/\/vanfortours.com\/wp-content\/uploads\/2025\/05\/\u03b5\u03b9\u03ba\u03cc\u03bd\u03b1_Viber_2025-05-08_19-58-33-881-18x12.jpg 18w, https:\/\/vanfortours.com\/wp-content\/uploads\/2025\/05\/\u03b5\u03b9\u03ba\u03cc\u03bd\u03b1_Viber_2025-05-08_19-58-33-881-460x306.jpg 460w, https:\/\/vanfortours.com\/wp-content\/uploads\/2025\/05\/\u03b5\u03b9\u03ba\u03cc\u03bd\u03b1_Viber_2025-05-08_19-58-33-881-800x533.jpg 800w\" sizes=\"auto, (max-width: 1536px) 100vw, 1536px\" \/><\/div>\n\t\t<\/figure>\n\t<\/div>\n<\/div><\/div><\/div><\/div><div data-vc-full-width=\"true\" data-vc-full-width-init=\"false\" data-vc-stretch-content=\"true\" class=\"vc_row wpb_row vc_row-fluid vc_row-no-padding\"><div class=\"wpb_column vc_column_container vc_col-sm-12\"><div class=\"vc_column-inner\"><div class=\"wpb_wrapper\">\n            <div class=\"theme-component-process-list\">\n                <div class=\"vc_row wpb_row vc_inner vc_row-fluid vc_row-o-equal-height vc_row-flex\"><div class=\"wpb_column vc_column_container vc_col-sm-3\"><div class=\"vc_column-inner\"><div class=\"wpb_wrapper\">\n            <div class=\"theme-component-process-list-item theme-component-process-list-item-even\">\n                <div>01<\/div>\n                <span class=\"theme-icon-feature-calendar\"><\/span>\n                <p>Tutti i nostri veicoli soddisfano i pi\u00f9 elevati standard di sicurezza e i nostri autisti sono professionisti con un&#039;eccellente formazione.<\/p>\n            <\/div>\n        <\/div><\/div><\/div><div class=\"wpb_column vc_column_container vc_col-sm-3\"><div class=\"vc_column-inner\"><div class=\"wpb_wrapper\">\n            <div class=\"theme-component-process-list-item theme-component-process-list-item-odd\">\n                <div>02<\/div>\n                <span class=\"theme-icon-feature-recurring-1\"><\/span>\n                <p>Offriamo prezzi competitivi senza compromettere la qualit\u00e0 o il comfort: ideali per viaggi di lavoro e privati.<\/p>\n            <\/div>\n        <\/div><\/div><\/div><div class=\"wpb_column vc_column_container vc_col-sm-3\"><div class=\"vc_column-inner\"><div class=\"wpb_wrapper\">\n            <div class=\"theme-component-process-list-item theme-component-process-list-item-even\">\n                <div>03<\/div>\n                <span class=\"theme-icon-feature-bag-1\"><\/span>\n                <p>I nostri furgoni offrono interni spaziosi, aria condizionata e un comodo trasporto per un massimo di 8 persone.<\/p>\n            <\/div>\n        <\/div><\/div><\/div><div class=\"wpb_column vc_column_container vc_col-sm-3\"><div class=\"vc_column-inner\"><div class=\"wpb_wrapper\">\n            <div class=\"theme-component-process-list-item theme-component-process-list-item-odd\">\n                <div>04<\/div>\n                <span class=\"theme-icon-feature-award\"><\/span>\n                <p>Servizio affidabile in tutta la Grecia, con particolare attenzione alla coerenza e alla professionalit\u00e0.<\/p>\n            <\/div>\n        <\/div><\/div><\/div><\/div>\n            <\/div>\n        <\/div><\/div><\/div><\/div><div class=\"vc_row-full-width vc_clearfix\"><\/div><div data-vc-full-width=\"true\" data-vc-full-width-init=\"false\" data-vc-stretch-content=\"true\" class=\"vc_row wpb_row vc_row-fluid vc_row-no-padding vc_row-o-equal-height vc_row-flex\"><div class=\"wpb_column vc_column_container vc_col-sm-6 vc_col-has-fill\"><div class=\"vc_column-inner vc_custom_1569325339582\"><div class=\"wpb_wrapper\">\n\t<div  class=\"wpb_single_image wpb_content_element vc_align_left wpb_content_element\">\n\t\t\n\t\t<figure class=\"wpb_wrapper vc_figure\">\n\t\t\t<div class=\"vc_single_image-wrapper   vc_box_border_grey\"><img loading=\"lazy\" decoding=\"async\" width=\"1024\" height=\"1024\" src=\"https:\/\/vanfortours.com\/wp-content\/uploads\/2025\/05\/\u03b5\u03b9\u03ba\u03cc\u03bd\u03b1_Viber_2025-05-08_19-58-39-028.jpg\" class=\"vc_single_image-img attachment-full\" alt=\"\" title=\"Furgone per tour Flotta Atene Grecia\" srcset=\"https:\/\/vanfortours.com\/wp-content\/uploads\/2025\/05\/\u03b5\u03b9\u03ba\u03cc\u03bd\u03b1_Viber_2025-05-08_19-58-39-028.jpg 1024w, https:\/\/vanfortours.com\/wp-content\/uploads\/2025\/05\/\u03b5\u03b9\u03ba\u03cc\u03bd\u03b1_Viber_2025-05-08_19-58-39-028-300x300.jpg 300w, https:\/\/vanfortours.com\/wp-content\/uploads\/2025\/05\/\u03b5\u03b9\u03ba\u03cc\u03bd\u03b1_Viber_2025-05-08_19-58-39-028-100x100.jpg 100w, https:\/\/vanfortours.com\/wp-content\/uploads\/2025\/05\/\u03b5\u03b9\u03ba\u03cc\u03bd\u03b1_Viber_2025-05-08_19-58-39-028-600x600.jpg 600w, https:\/\/vanfortours.com\/wp-content\/uploads\/2025\/05\/\u03b5\u03b9\u03ba\u03cc\u03bd\u03b1_Viber_2025-05-08_19-58-39-028-150x150.jpg 150w, https:\/\/vanfortours.com\/wp-content\/uploads\/2025\/05\/\u03b5\u03b9\u03ba\u03cc\u03bd\u03b1_Viber_2025-05-08_19-58-39-028-768x768.jpg 768w, https:\/\/vanfortours.com\/wp-content\/uploads\/2025\/05\/\u03b5\u03b9\u03ba\u03cc\u03bd\u03b1_Viber_2025-05-08_19-58-39-028-12x12.jpg 12w, https:\/\/vanfortours.com\/wp-content\/uploads\/2025\/05\/\u03b5\u03b9\u03ba\u03cc\u03bd\u03b1_Viber_2025-05-08_19-58-39-028-306x306.jpg 306w, https:\/\/vanfortours.com\/wp-content\/uploads\/2025\/05\/\u03b5\u03b9\u03ba\u03cc\u03bd\u03b1_Viber_2025-05-08_19-58-39-028-533x533.jpg 533w\" sizes=\"auto, (max-width: 1024px) 100vw, 1024px\" \/><\/div>\n\t\t<\/figure>\n\t<\/div>\n<\/div><\/div><\/div><div class=\"theme-column-style-1 theme-background-color-12 wpb_column vc_column_container vc_col-sm-6\"><div class=\"vc_column-inner\"><div class=\"wpb_wrapper\"><h3 style=\"text-align: left\" class=\"vc_custom_heading vc_do_custom_heading\" >Spostati in modo intelligente da e per l&#039;aeroporto.<\/h3>\n\t<div class=\"wpb_text_column wpb_content_element\" >\n\t\t<div class=\"wpb_wrapper\">\n\t\t\t<p class=\"\" data-start=\"426\" data-end=\"667\">Che si tratti di trasportare dirigenti, turisti o piccoli gruppi, il Mercedes Vito offre la combinazione ideale di comfort, spazio e stile. Con coerenza, cortesia e impegno per la qualit\u00e0, ogni viaggio diventa un&#039;esperienza speciale.<\/p>\n\n\t\t<\/div>\n\t<\/div>\n<div class=\"theme-component-list theme-component-list-style-2 theme-margin-top-40\">\n<ul>\n<li data-start=\"401\" data-end=\"445\">\nTrasferimenti aeroportuali\n<\/li>\n<li data-start=\"446\" data-end=\"507\">\nTrasporto passeggeri per privati e professionisti\n<\/li>\n<li data-start=\"508\" data-end=\"557\">\nNoleggio limousine e minibus di lusso\n<\/li>\n<\/ul>\n<\/div>\n\t<div class=\"wpb_text_column wpb_content_element\" >\n\t\t<div class=\"wpb_wrapper\">\n\t\t\t\n\t\t<style>\n\t\t\t#gallery-1 {\n\t\t\t\tmargin: auto;\n\t\t\t}\n\t\t\t#gallery-1 .gallery-item {\n\t\t\t\tfloat: left;\n\t\t\t\tmargin-top: 10px;\n\t\t\t\ttext-align: center;\n\t\t\t\twidth: 33%;\n\t\t\t}\n\t\t\t#gallery-1 img {\n\t\t\t\tborder: 2px solid #cfcfcf;\n\t\t\t}\n\t\t\t#gallery-1 .gallery-caption {\n\t\t\t\tmargin-left: 0;\n\t\t\t}\n\t\t\t\/* see gallery_shortcode() in wp-includes\/media.php *\/\n\t\t<\/style>\n\t\t<div id='gallery-1' class='gallery galleryid-15 gallery-columns-3 gallery-size-thumbnail'><dl class='gallery-item'>\n\t\t\t<dt class='gallery-icon landscape'>\n\t\t\t\t<a href='https:\/\/vanfortours.com\/wp-content\/uploads\/2025\/05\/\u03b5\u03b9\u03ba\u03cc\u03bd\u03b1_Viber_2025-05-08_19-58-42-469.jpg'><img loading=\"lazy\" decoding=\"async\" width=\"150\" height=\"150\" src=\"https:\/\/vanfortours.com\/wp-content\/uploads\/2025\/05\/\u03b5\u03b9\u03ba\u03cc\u03bd\u03b1_Viber_2025-05-08_19-58-42-469-150x150.jpg\" class=\"attachment-thumbnail size-thumbnail\" alt=\"Furgone per tour nella zona di Acropoli in Grecia\" srcset=\"https:\/\/vanfortours.com\/wp-content\/uploads\/2025\/05\/\u03b5\u03b9\u03ba\u03cc\u03bd\u03b1_Viber_2025-05-08_19-58-42-469-150x150.jpg 150w, https:\/\/vanfortours.com\/wp-content\/uploads\/2025\/05\/\u03b5\u03b9\u03ba\u03cc\u03bd\u03b1_Viber_2025-05-08_19-58-42-469-300x300.jpg 300w, https:\/\/vanfortours.com\/wp-content\/uploads\/2025\/05\/\u03b5\u03b9\u03ba\u03cc\u03bd\u03b1_Viber_2025-05-08_19-58-42-469-100x100.jpg 100w, https:\/\/vanfortours.com\/wp-content\/uploads\/2025\/05\/\u03b5\u03b9\u03ba\u03cc\u03bd\u03b1_Viber_2025-05-08_19-58-42-469-600x600.jpg 600w, https:\/\/vanfortours.com\/wp-content\/uploads\/2025\/05\/\u03b5\u03b9\u03ba\u03cc\u03bd\u03b1_Viber_2025-05-08_19-58-42-469-768x768.jpg 768w, https:\/\/vanfortours.com\/wp-content\/uploads\/2025\/05\/\u03b5\u03b9\u03ba\u03cc\u03bd\u03b1_Viber_2025-05-08_19-58-42-469-12x12.jpg 12w, https:\/\/vanfortours.com\/wp-content\/uploads\/2025\/05\/\u03b5\u03b9\u03ba\u03cc\u03bd\u03b1_Viber_2025-05-08_19-58-42-469-306x306.jpg 306w, https:\/\/vanfortours.com\/wp-content\/uploads\/2025\/05\/\u03b5\u03b9\u03ba\u03cc\u03bd\u03b1_Viber_2025-05-08_19-58-42-469-533x533.jpg 533w, https:\/\/vanfortours.com\/wp-content\/uploads\/2025\/05\/\u03b5\u03b9\u03ba\u03cc\u03bd\u03b1_Viber_2025-05-08_19-58-42-469.jpg 1024w\" sizes=\"auto, (max-width: 150px) 100vw, 150px\" \/><\/a>\n\t\t\t<\/dt><\/dl><dl class='gallery-item'>\n\t\t\t<dt class='gallery-icon landscape'>\n\t\t\t\t<a href='https:\/\/vanfortours.com\/wp-content\/uploads\/2025\/05\/\u03b5\u03b9\u03ba\u03cc\u03bd\u03b1_Viber_2025-05-08_19-58-37-388-1.jpg'><img loading=\"lazy\" decoding=\"async\" width=\"150\" height=\"150\" src=\"https:\/\/vanfortours.com\/wp-content\/uploads\/2025\/05\/\u03b5\u03b9\u03ba\u03cc\u03bd\u03b1_Viber_2025-05-08_19-58-37-388-1-150x150.jpg\" class=\"attachment-thumbnail size-thumbnail\" alt=\"\" srcset=\"https:\/\/vanfortours.com\/wp-content\/uploads\/2025\/05\/\u03b5\u03b9\u03ba\u03cc\u03bd\u03b1_Viber_2025-05-08_19-58-37-388-1-150x150.jpg 150w, https:\/\/vanfortours.com\/wp-content\/uploads\/2025\/05\/\u03b5\u03b9\u03ba\u03cc\u03bd\u03b1_Viber_2025-05-08_19-58-37-388-1-300x300.jpg 300w, https:\/\/vanfortours.com\/wp-content\/uploads\/2025\/05\/\u03b5\u03b9\u03ba\u03cc\u03bd\u03b1_Viber_2025-05-08_19-58-37-388-1-100x100.jpg 100w, https:\/\/vanfortours.com\/wp-content\/uploads\/2025\/05\/\u03b5\u03b9\u03ba\u03cc\u03bd\u03b1_Viber_2025-05-08_19-58-37-388-1-600x600.jpg 600w, https:\/\/vanfortours.com\/wp-content\/uploads\/2025\/05\/\u03b5\u03b9\u03ba\u03cc\u03bd\u03b1_Viber_2025-05-08_19-58-37-388-1-768x768.jpg 768w, https:\/\/vanfortours.com\/wp-content\/uploads\/2025\/05\/\u03b5\u03b9\u03ba\u03cc\u03bd\u03b1_Viber_2025-05-08_19-58-37-388-1-12x12.jpg 12w, https:\/\/vanfortours.com\/wp-content\/uploads\/2025\/05\/\u03b5\u03b9\u03ba\u03cc\u03bd\u03b1_Viber_2025-05-08_19-58-37-388-1-306x306.jpg 306w, https:\/\/vanfortours.com\/wp-content\/uploads\/2025\/05\/\u03b5\u03b9\u03ba\u03cc\u03bd\u03b1_Viber_2025-05-08_19-58-37-388-1-533x533.jpg 533w, https:\/\/vanfortours.com\/wp-content\/uploads\/2025\/05\/\u03b5\u03b9\u03ba\u03cc\u03bd\u03b1_Viber_2025-05-08_19-58-37-388-1.jpg 1024w\" sizes=\"auto, (max-width: 150px) 100vw, 150px\" \/><\/a>\n\t\t\t<\/dt><\/dl><dl class='gallery-item'>\n\t\t\t<dt class='gallery-icon landscape'>\n\t\t\t\t<a href='https:\/\/vanfortours.com\/wp-content\/uploads\/2025\/05\/\u03b5\u03b9\u03ba\u03cc\u03bd\u03b1_Viber_2025-05-08_19-58-37-388.jpg'><img loading=\"lazy\" decoding=\"async\" width=\"150\" height=\"150\" src=\"https:\/\/vanfortours.com\/wp-content\/uploads\/2025\/05\/\u03b5\u03b9\u03ba\u03cc\u03bd\u03b1_Viber_2025-05-08_19-58-37-388-150x150.jpg\" class=\"attachment-thumbnail size-thumbnail\" alt=\"\" srcset=\"https:\/\/vanfortours.com\/wp-content\/uploads\/2025\/05\/\u03b5\u03b9\u03ba\u03cc\u03bd\u03b1_Viber_2025-05-08_19-58-37-388-150x150.jpg 150w, https:\/\/vanfortours.com\/wp-content\/uploads\/2025\/05\/\u03b5\u03b9\u03ba\u03cc\u03bd\u03b1_Viber_2025-05-08_19-58-37-388-300x300.jpg 300w, https:\/\/vanfortours.com\/wp-content\/uploads\/2025\/05\/\u03b5\u03b9\u03ba\u03cc\u03bd\u03b1_Viber_2025-05-08_19-58-37-388-100x100.jpg 100w, https:\/\/vanfortours.com\/wp-content\/uploads\/2025\/05\/\u03b5\u03b9\u03ba\u03cc\u03bd\u03b1_Viber_2025-05-08_19-58-37-388-600x600.jpg 600w, https:\/\/vanfortours.com\/wp-content\/uploads\/2025\/05\/\u03b5\u03b9\u03ba\u03cc\u03bd\u03b1_Viber_2025-05-08_19-58-37-388-768x768.jpg 768w, https:\/\/vanfortours.com\/wp-content\/uploads\/2025\/05\/\u03b5\u03b9\u03ba\u03cc\u03bd\u03b1_Viber_2025-05-08_19-58-37-388-12x12.jpg 12w, https:\/\/vanfortours.com\/wp-content\/uploads\/2025\/05\/\u03b5\u03b9\u03ba\u03cc\u03bd\u03b1_Viber_2025-05-08_19-58-37-388-306x306.jpg 306w, https:\/\/vanfortours.com\/wp-content\/uploads\/2025\/05\/\u03b5\u03b9\u03ba\u03cc\u03bd\u03b1_Viber_2025-05-08_19-58-37-388-533x533.jpg 533w, https:\/\/vanfortours.com\/wp-content\/uploads\/2025\/05\/\u03b5\u03b9\u03ba\u03cc\u03bd\u03b1_Viber_2025-05-08_19-58-37-388.jpg 1024w\" sizes=\"auto, (max-width: 150px) 100vw, 150px\" \/><\/a>\n\t\t\t<\/dt><\/dl><br style=\"clear: both\" \/>\n\t\t<\/div>\n\n\n\t\t<\/div>\n\t<\/div>\n<\/div><\/div><\/div><\/div><div class=\"vc_row-full-width vc_clearfix\"><\/div><div class=\"vc_row wpb_row vc_row-fluid theme-section-padding\"><div class=\"theme-margin-top-100 theme-margin-bottom-0 wpb_column vc_column_container vc_col-sm-12\"><div class=\"vc_column-inner\"><div class=\"wpb_wrapper\">\r\n            <p class=\"theme-component-paragraph-large theme-component-paragraph-large-style-2 aligncenter theme-padding-bottom-80\">\r\n                Autista privato o giro turistico?<br \/>\nPer domande o commenti, compila il modulo sottostante.\r\n            <\/p>\r\n        <div class=\"vc_row wpb_row vc_row-fluid\"><div class=\"theme-margin-bottom-0 wpb_column vc_column_container vc_col-sm-12\"><div class=\"vc_column-inner\"><div class=\"wpb_wrapper\">\n<div class=\"wpcf7 no-js\" id=\"wpcf7-f23696-o1\" lang=\"en-US\" dir=\"ltr\" data-wpcf7-id=\"23696\">\n<div class=\"screen-reader-response\"><p role=\"status\" aria-live=\"polite\" aria-atomic=\"true\"><\/p> <ul><\/ul><\/div>\n<form action=\"\/it\/wp-json\/wp\/v2\/pages\/15#wpcf7-f23696-o1\" method=\"post\" class=\"wpcf7-form init\" aria-label=\"Modulo di contatto\" novalidate=\"novalidate\" data-status=\"init\" data-trp-original-action=\"\/it\/wp-json\/wp\/v2\/pages\/15#wpcf7-f23696-o1\">\n<div style=\"display: none;\">\n<input type=\"hidden\" name=\"_wpcf7\" value=\"23696\" \/>\n<input type=\"hidden\" name=\"_wpcf7_version\" value=\"6.0.6\" \/>\n<input type=\"hidden\" name=\"_wpcf7_locale\" value=\"en_US\" \/>\n<input type=\"hidden\" name=\"_wpcf7_unit_tag\" value=\"wpcf7-f23696-o1\" \/>\n<input type=\"hidden\" name=\"_wpcf7_container_post\" value=\"0\" \/>\n<input type=\"hidden\" name=\"_wpcf7_posted_data_hash\" value=\"\" \/>\n<\/div>\n<div class=\"theme-component-contact-form\">\n\t<div class=\"theme-form-column-1_2-right\">\n\t\t<div class=\"theme-form-field\">\n\t\t\t<p><label>MHNYMA<\/label><br \/>\n<span class=\"wpcf7-form-control-wrap\" data-name=\"message\"><textarea cols=\"40\" rows=\"10\" maxlength=\"2000\" class=\"wpcf7-form-control wpcf7-textarea\" aria-invalid=\"false\" name=\"message\"><\/textarea><\/span>\n\t\t\t<\/p>\n\t\t<\/div>\n\t<\/div>\n\t<div class=\"theme-form-column-1_2-left\">\n\t\t<div class=\"theme-form-field\">\n\t\t\t<p><label>NOME *<\/label><br \/>\n<span class=\"wpcf7-form-control-wrap\" data-name=\"name\"><input size=\"40\" maxlength=\"400\" class=\"wpcf7-form-control wpcf7-text wpcf7-validates-as-required\" aria-required=\"true\" aria-invalid=\"false\" value=\"\" type=\"text\" name=\"name\" \/><\/span>\n\t\t\t<\/p>\n\t\t<\/div>\n\t<\/div>\n\t<div class=\"theme-form-column-1_2-left\">\n\t\t<div class=\"theme-form-field\">\n\t\t\t<p><label>E-mail *<\/label><br \/>\n<span class=\"wpcf7-form-control-wrap\" data-name=\"email-address\"><input size=\"40\" maxlength=\"400\" class=\"wpcf7-form-control wpcf7-email wpcf7-validates-as-required wpcf7-text wpcf7-validates-as-email\" aria-required=\"true\" aria-invalid=\"false\" value=\"\" type=\"email\" name=\"email-address\" \/><\/span>\n\t\t\t<\/p>\n\t\t<\/div>\n\t<\/div>\n\t<div class=\"theme-form-column-1_2-left\">\n\t\t<div class=\"theme-form-field\">\n\t\t\t<p><label>TELEFONO (facoltativo)<\/label><br \/>\n<span class=\"wpcf7-form-control-wrap\" data-name=\"phone-number\"><input size=\"40\" maxlength=\"400\" class=\"wpcf7-form-control wpcf7-text\" aria-invalid=\"false\" value=\"\" type=\"text\" name=\"phone-number\" \/><\/span>\n\t\t\t<\/p>\n\t\t<\/div>\n\t<\/div>\n\t<div class=\"theme-form-column-1_1\">\n\t\t<p><input class=\"wpcf7-form-control wpcf7-submit has-spinner\" type=\"submit\" value=\"SPEDIZIONE\" \/>\n\t\t<\/p>\n\t<\/div>\n<\/div><div class=\"wpcf7-response-output\" aria-hidden=\"true\"><\/div>\n<input type=\"hidden\" name=\"trp-form-language\" value=\"it\"\/><\/form>\n<\/div>\n<\/div><\/div><\/div><\/div><\/div><\/div><\/div><\/div>\n<\/div>","protected":false},"excerpt":{"rendered":"Offriamo servizi di trasporto di alta qualit\u00e0 con affidabilit\u00e0, coerenza e professionalit\u00e0. La nostra specializzazione include: Trasporti di alto livello - Comfort, stile e sicurezza su ogni tratta Trasferimenti aeroportuali Trasporto passeggeri per privati e professionisti Noleggio di furgoni e minibus di lusso 05 Tutti i nostri veicoli soddisfano i pi\u00f9 elevati standard di sicurezza e [...]","protected":false},"author":1,"featured_media":0,"parent":0,"menu_order":0,"comment_status":"closed","ping_status":"closed","template":"","meta":{"footnotes":""},"class_list":["post-15","page","type-page","status-publish","hentry"],"_links":{"self":[{"href":"https:\/\/vanfortours.com\/it\/wp-json\/wp\/v2\/pages\/15","targetHints":{"allow":["GET"]}}],"collection":[{"href":"https:\/\/vanfortours.com\/it\/wp-json\/wp\/v2\/pages"}],"about":[{"href":"https:\/\/vanfortours.com\/it\/wp-json\/wp\/v2\/types\/page"}],"author":[{"embeddable":true,"href":"https:\/\/vanfortours.com\/it\/wp-json\/wp\/v2\/users\/1"}],"replies":[{"embeddable":true,"href":"https:\/\/vanfortours.com\/it\/wp-json\/wp\/v2\/comments?post=15"}],"version-history":[{"count":10,"href":"https:\/\/vanfortours.com\/it\/wp-json\/wp\/v2\/pages\/15\/revisions"}],"predecessor-version":[{"id":23909,"href":"https:\/\/vanfortours.com\/it\/wp-json\/wp\/v2\/pages\/15\/revisions\/23909"}],"wp:attachment":[{"href":"https:\/\/vanfortours.com\/it\/wp-json\/wp\/v2\/media?parent=15"}],"curies":[{"name":"wp","href":"https:\/\/api.w.org\/{rel}","templated":true}]}}